{"id":1001,"date":"2025-06-30T12:37:36","date_gmt":"2025-06-30T10:37:36","guid":{"rendered":"https:\/\/yoga-derviche.org\/?page_id=1001"},"modified":"2025-09-02T13:58:14","modified_gmt":"2025-09-02T11:58:14","slug":"retraites","status":"publish","type":"page","link":"https:\/\/yoga-derviche.org\/en\/retraites\/","title":{"rendered":"Retreats"},"content":{"rendered":"<div data-elementor-type=\"wp-page\" data-elementor-id=\"1001\" class=\"elementor elementor-1001\" data-elementor-settings=\"{&quot;ha_cmc_init_switcher&quot;:&quot;no&quot;}\">\n\t\t\t\t<div class=\"elementor-element elementor-element-d7ca240 e-con-full e-flex e-con e-parent\" data-id=\"d7ca240\" data-element_type=\"container\" data-e-type=\"container\" data-settings=\"{&quot;_ha_eqh_enable&quot;:false}\">\n\t\t<div class=\"elementor-element elementor-element-2e7211a e-flex e-con-boxed e-con e-child\" data-id=\"2e7211a\" data-element_type=\"container\" data-e-type=\"container\" data-settings=\"{&quot;background_background&quot;:&quot;classic&quot;,&quot;_ha_eqh_enable&quot;:false}\">\n\t\t\t\t\t<div class=\"e-con-inner\">\n\t\t<div class=\"elementor-element elementor-element-e318543 e-con-full e-flex e-con e-child\" data-id=\"e318543\" data-element_type=\"container\" data-e-type=\"container\" data-settings=\"{&quot;_ha_eqh_enable&quot;:false}\">\n\t\t\t\t<div class=\"elementor-element elementor-element-97abd6b exad-sticky-section-no exad-glass-effect-no elementor-widget elementor-widget-eael-breadcrumbs\" data-id=\"97abd6b\" data-element_type=\"widget\" data-e-type=\"widget\" data-widget_type=\"eael-breadcrumbs.default\">\n\t\t\t\t<div class=\"elementor-widget-container\">\n\t\t\t\t\t\t\t<div class=\"eael-breadcrumbs\">\n\t\t\t<div class=\"eael-breadcrumbs__content\"><a href=\"https:\/\/yoga-derviche.org\/en\">Home<\/a> <span class=\"eael-breadcrumb-separator\">\/<\/span> <span class = \"eael-current\">Page<\/span><\/div>\t\t<\/div>\n\t\t\t\t\t\t<\/div>\n\t\t\t\t<\/div>\n\t\t\t\t<\/div>\n\t\t\t\t<div class=\"elementor-element elementor-element-8c3ed5f elementor-widget-divider--view-line exad-sticky-section-no exad-glass-effect-no elementor-widget elementor-widget-divider\" data-id=\"8c3ed5f\" data-element_type=\"widget\" data-e-type=\"widget\" data-widget_type=\"divider.default\">\n\t\t\t\t<div class=\"elementor-widget-container\">\n\t\t\t\t\t\t\t<div class=\"elementor-divider\">\n\t\t\t<span class=\"elementor-divider-separator\">\n\t\t\t\t\t\t<\/span>\n\t\t<\/div>\n\t\t\t\t\t\t<\/div>\n\t\t\t\t<\/div>\n\t\t\t\t<div class=\"elementor-element elementor-element-1f5377c e-n-tabs-mobile exad-sticky-section-no exad-glass-effect-no elementor-widget elementor-widget-n-tabs\" data-id=\"1f5377c\" data-element_type=\"widget\" data-e-type=\"widget\" data-settings=\"{&quot;tabs_justify_horizontal&quot;:&quot;center&quot;,&quot;tabs_justify_horizontal_laptop&quot;:&quot;center&quot;,&quot;horizontal_scroll&quot;:&quot;disable&quot;}\" data-widget_type=\"nested-tabs.default\">\n\t\t\t\t<div class=\"elementor-widget-container\">\n\t\t\t\t\t\t\t<div class=\"e-n-tabs\" data-widget-number=\"32847740\" aria-label=\"Tabs. Open items with Enter or Space, close with Escape and navigate using the Arrow keys.\" data-no-translation-aria-label=\"\">\n\t\t\t<div class=\"e-n-tabs-heading\" role=\"tablist\">\n\t\t\t\t\t<button id=\"e-n-tab-title-328477401\" data-tab-title-id=\"e-n-tab-title-328477401\" class=\"e-n-tab-title elementor-animation-float\" aria-selected=\"true\" data-tab-index=\"1\" role=\"tab\" tabindex=\"0\" aria-controls=\"e-n-tab-content-328477401\" style=\"--n-tabs-title-order: 1;\">\n\t\t\t\t\t\t<span class=\"e-n-tab-title-text\">\n\t\t\t\tAll Retreats\t\t\t<\/span>\n\t\t<\/button>\n\t\t\t\t<button id=\"e-n-tab-title-328477402\" data-tab-title-id=\"e-n-tab-title-328477402\" class=\"e-n-tab-title elementor-animation-float\" aria-selected=\"false\" data-tab-index=\"2\" role=\"tab\" tabindex=\"-1\" aria-controls=\"e-n-tab-content-328477402\" style=\"--n-tabs-title-order: 2;\">\n\t\t\t\t\t\t<span class=\"e-n-tab-title-text\">\n\t\t\t\tMonastery of S\u00e9rgies (France)\t\t\t<\/span>\n\t\t<\/button>\n\t\t\t\t<button id=\"e-n-tab-title-328477403\" data-tab-title-id=\"e-n-tab-title-328477403\" class=\"e-n-tab-title elementor-animation-float\" aria-selected=\"false\" data-tab-index=\"3\" role=\"tab\" tabindex=\"-1\" aria-controls=\"e-n-tab-content-328477403\" style=\"--n-tabs-title-order: 3;\">\n\t\t\t\t\t\t<span class=\"e-n-tab-title-text\">\n\t\t\t\tSufi Temple Arles (France)\t\t\t<\/span>\n\t\t<\/button>\n\t\t\t\t<button id=\"e-n-tab-title-328477404\" data-tab-title-id=\"e-n-tab-title-328477404\" class=\"e-n-tab-title elementor-animation-float\" aria-selected=\"false\" data-tab-index=\"4\" role=\"tab\" tabindex=\"-1\" aria-controls=\"e-n-tab-content-328477404\" style=\"--n-tabs-title-order: 4;\">\n\t\t\t\t\t\t<span class=\"e-n-tab-title-text\">\n\t\t\t\tKonya ( Turquie )\t\t\t<\/span>\n\t\t<\/button>\n\t\t\t\t<button id=\"e-n-tab-title-328477405\" data-tab-title-id=\"e-n-tab-title-328477405\" class=\"e-n-tab-title elementor-animation-float\" aria-selected=\"false\" data-tab-index=\"5\" role=\"tab\" tabindex=\"-1\" aria-controls=\"e-n-tab-content-328477405\" style=\"--n-tabs-title-order: 5;\">\n\t\t\t\t\t\t<span class=\"e-n-tab-title-text\">\n\t\t\t\tMAROC\t\t\t<\/span>\n\t\t<\/button>\n\t\t\t\t\t<\/div>\n\t\t\t<div class=\"e-n-tabs-content\">\n\t\t\t\t<div id=\"e-n-tab-content-328477401\" role=\"tabpanel\" aria-labelledby=\"e-n-tab-title-328477401\" data-tab-index=\"1\" style=\"--n-tabs-title-order: 1;\" class=\"e-active elementor-element elementor-element-6cc6197 e-con-full e-flex e-con e-child\" data-id=\"6cc6197\" data-element_type=\"container\" data-e-type=\"container\" data-settings=\"{&quot;_ha_eqh_enable&quot;:false}\">\n\t\t\t\t<div class=\"elementor-element elementor-element-d2b952e elementor-grid-laptop-eael-col-4 elementor-grid-eael-col-4 elementor-grid-tablet-eael-col-2 elementor-grid-mobile-eael-col-1 exad-sticky-section-no exad-glass-effect-no elementor-widget elementor-widget-eael-post-grid\" data-id=\"d2b952e\" data-element_type=\"widget\" data-e-type=\"widget\" data-settings=\"{&quot;eael_post_grid_columns_laptop&quot;:&quot;eael-col-4&quot;,&quot;eael_post_grid_columns&quot;:&quot;eael-col-4&quot;,&quot;eael_post_grid_columns_tablet&quot;:&quot;eael-col-2&quot;,&quot;eael_post_grid_columns_mobile&quot;:&quot;eael-col-1&quot;}\" data-widget_type=\"eael-post-grid.default\">\n\t\t\t\t<div class=\"elementor-widget-container\">\n\t\t\t\t\t<div id=\"eael-post-grid-d2b952e\" class=\"eael-post-grid-container\">\n            <div class=\"eael-post-grid eael-post-appender eael-post-appender-d2b952e eael-post-grid-style-two\" data-layout-mode=\"grid\"><p class=\"no-posts-found\">No posts found!<\/p><\/div>\n            <div class=\"clearfix\"><\/div>\n        <\/div>\t\t\t\t<\/div>\n\t\t\t\t<\/div>\n\t\t\t\t<\/div>\n\t\t<div id=\"e-n-tab-content-328477402\" role=\"tabpanel\" aria-labelledby=\"e-n-tab-title-328477402\" data-tab-index=\"2\" style=\"--n-tabs-title-order: 2;\" class=\"elementor-element elementor-element-56e83c4 e-con-full e-flex e-con e-child\" data-id=\"56e83c4\" data-element_type=\"container\" data-e-type=\"container\" data-settings=\"{&quot;_ha_eqh_enable&quot;:false}\">\n\t\t\t\t<div class=\"elementor-element elementor-element-2bb820c elementor-grid-laptop-eael-col-4 elementor-grid-eael-col-4 elementor-grid-tablet-eael-col-2 elementor-grid-mobile-eael-col-1 exad-sticky-section-no exad-glass-effect-no elementor-widget elementor-widget-eael-post-grid\" data-id=\"2bb820c\" data-element_type=\"widget\" data-e-type=\"widget\" data-settings=\"{&quot;eael_post_grid_columns_laptop&quot;:&quot;eael-col-4&quot;,&quot;eael_post_grid_columns&quot;:&quot;eael-col-4&quot;,&quot;eael_post_grid_columns_tablet&quot;:&quot;eael-col-2&quot;,&quot;eael_post_grid_columns_mobile&quot;:&quot;eael-col-1&quot;}\" data-widget_type=\"eael-post-grid.default\">\n\t\t\t\t<div class=\"elementor-widget-container\">\n\t\t\t\t\t<div id=\"eael-post-grid-2bb820c\" class=\"eael-post-grid-container\">\n            <div class=\"eael-post-grid eael-post-appender eael-post-appender-2bb820c eael-post-grid-style-two\" data-layout-mode=\"grid\"><p class=\"no-posts-found\">No posts found!<\/p><\/div>\n            <div class=\"clearfix\"><\/div>\n        <\/div>\t\t\t\t<\/div>\n\t\t\t\t<\/div>\n\t\t\t\t<\/div>\n\t\t<div id=\"e-n-tab-content-328477403\" role=\"tabpanel\" aria-labelledby=\"e-n-tab-title-328477403\" data-tab-index=\"3\" style=\"--n-tabs-title-order: 3;\" class=\"elementor-element elementor-element-2884fa2 e-con-full e-flex e-con e-child\" data-id=\"2884fa2\" data-element_type=\"container\" data-e-type=\"container\" data-settings=\"{&quot;_ha_eqh_enable&quot;:false}\">\n\t\t\t\t<div class=\"elementor-element elementor-element-560ed6b elementor-grid-laptop-eael-col-4 elementor-grid-eael-col-4 elementor-grid-tablet-eael-col-2 elementor-grid-mobile-eael-col-1 exad-sticky-section-no exad-glass-effect-no elementor-widget elementor-widget-eael-post-grid\" data-id=\"560ed6b\" data-element_type=\"widget\" data-e-type=\"widget\" data-settings=\"{&quot;eael_post_grid_columns_laptop&quot;:&quot;eael-col-4&quot;,&quot;eael_post_grid_columns&quot;:&quot;eael-col-4&quot;,&quot;eael_post_grid_columns_tablet&quot;:&quot;eael-col-2&quot;,&quot;eael_post_grid_columns_mobile&quot;:&quot;eael-col-1&quot;}\" data-widget_type=\"eael-post-grid.default\">\n\t\t\t\t<div class=\"elementor-widget-container\">\n\t\t\t\t\t<div id=\"eael-post-grid-560ed6b\" class=\"eael-post-grid-container\">\n            <div class=\"eael-post-grid eael-post-appender eael-post-appender-560ed6b eael-post-grid-style-two\" data-layout-mode=\"grid\"><p class=\"no-posts-found\">No posts found!<\/p><\/div>\n            <div class=\"clearfix\"><\/div>\n        <\/div>\t\t\t\t<\/div>\n\t\t\t\t<\/div>\n\t\t\t\t<\/div>\n\t\t<div id=\"e-n-tab-content-328477404\" role=\"tabpanel\" aria-labelledby=\"e-n-tab-title-328477404\" data-tab-index=\"4\" style=\"--n-tabs-title-order: 4;\" class=\"elementor-element elementor-element-6cd5b6e e-flex e-con-boxed e-con e-child\" data-id=\"6cd5b6e\" data-element_type=\"container\" data-e-type=\"container\" data-settings=\"{&quot;_ha_eqh_enable&quot;:false}\">\n\t\t\t\t\t<div class=\"e-con-inner\">\n\t\t\t\t<div class=\"elementor-element elementor-element-3231ec6 elementor-grid-laptop-eael-col-4 elementor-grid-eael-col-4 elementor-grid-tablet-eael-col-2 elementor-grid-mobile-eael-col-1 exad-sticky-section-no exad-glass-effect-no elementor-widget elementor-widget-eael-post-grid\" data-id=\"3231ec6\" data-element_type=\"widget\" data-e-type=\"widget\" data-settings=\"{&quot;eael_post_grid_columns_laptop&quot;:&quot;eael-col-4&quot;,&quot;eael_post_grid_columns&quot;:&quot;eael-col-4&quot;,&quot;eael_post_grid_columns_tablet&quot;:&quot;eael-col-2&quot;,&quot;eael_post_grid_columns_mobile&quot;:&quot;eael-col-1&quot;}\" data-widget_type=\"eael-post-grid.default\">\n\t\t\t\t<div class=\"elementor-widget-container\">\n\t\t\t\t\t<div id=\"eael-post-grid-3231ec6\" class=\"eael-post-grid-container\">\n            <div class=\"eael-post-grid eael-post-appender eael-post-appender-3231ec6 eael-post-grid-style-two\" data-layout-mode=\"grid\"><p class=\"no-posts-found\">No posts found!<\/p><\/div>\n            <div class=\"clearfix\"><\/div>\n        <\/div>\t\t\t\t<\/div>\n\t\t\t\t<\/div>\n\t\t\t\t\t<\/div>\n\t\t\t\t<\/div>\n\t\t<div id=\"e-n-tab-content-328477405\" role=\"tabpanel\" aria-labelledby=\"e-n-tab-title-328477405\" data-tab-index=\"5\" style=\"--n-tabs-title-order: 5;\" class=\"elementor-element elementor-element-0bfe9de e-flex e-con-boxed e-con e-child\" data-id=\"0bfe9de\" data-element_type=\"container\" data-e-type=\"container\" data-settings=\"{&quot;_ha_eqh_enable&quot;:false}\">\n\t\t\t\t\t<div class=\"e-con-inner\">\n\t\t\t\t<div class=\"elementor-element elementor-element-4b4e55d elementor-grid-laptop-eael-col-4 elementor-grid-eael-col-4 elementor-grid-tablet-eael-col-2 elementor-grid-mobile-eael-col-1 exad-sticky-section-no exad-glass-effect-no elementor-widget elementor-widget-eael-post-grid\" data-id=\"4b4e55d\" data-element_type=\"widget\" data-e-type=\"widget\" data-settings=\"{&quot;eael_post_grid_columns_laptop&quot;:&quot;eael-col-4&quot;,&quot;eael_post_grid_columns&quot;:&quot;eael-col-4&quot;,&quot;eael_post_grid_columns_tablet&quot;:&quot;eael-col-2&quot;,&quot;eael_post_grid_columns_mobile&quot;:&quot;eael-col-1&quot;}\" data-widget_type=\"eael-post-grid.default\">\n\t\t\t\t<div class=\"elementor-widget-container\">\n\t\t\t\t\t<div id=\"eael-post-grid-4b4e55d\" class=\"eael-post-grid-container\">\n            <div class=\"eael-post-grid eael-post-appender eael-post-appender-4b4e55d eael-post-grid-style-two\" data-layout-mode=\"grid\"><p class=\"no-posts-found\">No posts found!<\/p><\/div>\n            <div class=\"clearfix\"><\/div>\n        <\/div>\t\t\t\t<\/div>\n\t\t\t\t<\/div>\n\t\t\t\t\t<\/div>\n\t\t\t\t<\/div>\n\t\t\t\t\t<\/div>\n\t\t<\/div>\n\t\t\t\t\t\t<\/div>\n\t\t\t\t<\/div>\n\t\t\t\t\t<\/div>\n\t\t\t\t<\/div>\n\t\t\t\t<\/div>\n\t\t\t\t<\/div>","protected":false},"excerpt":{"rendered":"<p>Home \/ Page Tous les retraites Monast\u00e8re de S\u00e9rgies ( France ) Temple soufi Arles ( France ) Konya ( Turquie ) MAROC Retraite de Danse Soufie au Monast\u00e8re de [&hellip;]<\/p>","protected":false},"author":1,"featured_media":0,"parent":0,"menu_order":0,"comment_status":"closed","ping_status":"closed","template":"","meta":{"_price":"","_stock":"","_tribe_ticket_header":"","_tribe_default_ticket_provider":"","_tribe_ticket_capacity":"0","_ticket_start_date":"","_ticket_end_date":"","_tribe_ticket_show_description":"","_tribe_ticket_show_not_going":false,"_tribe_ticket_use_global_stock":"","_tribe_ticket_global_stock_level":"","_global_stock_mode":"","_global_stock_cap":"","_tribe_rsvp_for_event":"","_tribe_ticket_going_count":"","_tribe_ticket_not_going_count":"","_tribe_tickets_list":"[]","_tribe_ticket_has_attendee_info_fields":false,"footnotes":"","_tec_slr_enabled":"","_tec_slr_layout":""},"class_list":["post-1001","page","type-page","status-publish","hentry"],"yoast_head":"<!-- This site is optimized with the Yoast SEO plugin v27.4 - https:\/\/yoast.com\/product\/yoast-seo-wordpress\/ -->\n<title>Retraites - danse-tournante.fr<\/title>\n<meta name=\"robots\" content=\"index, follow, max-snippet:-1, max-image-preview:large, max-video-preview:-1\" \/>\n<link rel=\"canonical\" href=\"https:\/\/yoga-derviche.org\/en\/retraites\/\" \/>\n<meta property=\"og:locale\" content=\"en_GB\" \/>\n<meta property=\"og:type\" content=\"article\" \/>\n<meta property=\"og:title\" content=\"Retraites - danse-tournante.fr\" \/>\n<meta property=\"og:description\" content=\"Home \/ Page Tous les retraites Monast\u00e8re de S\u00e9rgies ( France ) Temple soufi Arles ( France ) Konya ( Turquie ) MAROC Retraite de Danse Soufie au Monast\u00e8re de [&hellip;]\" \/>\n<meta property=\"og:url\" content=\"https:\/\/yoga-derviche.org\/en\/retraites\/\" \/>\n<meta property=\"og:site_name\" content=\"danse-tournante.fr\" \/>\n<meta property=\"article:modified_time\" content=\"2025-09-02T11:58:14+00:00\" \/>\n<meta property=\"og:image\" content=\"https:\/\/yoga-derviche.org\/wp-content\/uploads\/2025\/07\/retraite-monastaire.png\" \/>\n\t<meta property=\"og:image:width\" content=\"1080\" \/>\n\t<meta property=\"og:image:height\" content=\"1080\" \/>\n\t<meta property=\"og:image:type\" content=\"image\/png\" \/>\n<meta name=\"twitter:card\" content=\"summary_large_image\" \/>\n<meta name=\"twitter:label1\" content=\"Estimated reading time\" \/>\n\t<meta name=\"twitter:data1\" content=\"7 minutes\" \/>\n<script type=\"application\/ld+json\" class=\"yoast-schema-graph\">{\"@context\":\"https:\\\/\\\/schema.org\",\"@graph\":[{\"@type\":\"WebPage\",\"@id\":\"https:\\\/\\\/yoga-derviche.org\\\/retraites\\\/\",\"url\":\"https:\\\/\\\/yoga-derviche.org\\\/retraites\\\/\",\"name\":\"Retraites - danse-tournante.fr\",\"isPartOf\":{\"@id\":\"https:\\\/\\\/yoga-derviche.org\\\/#website\"},\"primaryImageOfPage\":{\"@id\":\"https:\\\/\\\/yoga-derviche.org\\\/retraites\\\/#primaryimage\"},\"image\":{\"@id\":\"https:\\\/\\\/yoga-derviche.org\\\/retraites\\\/#primaryimage\"},\"thumbnailUrl\":\"https:\\\/\\\/yoga-derviche.org\\\/wp-content\\\/uploads\\\/2025\\\/07\\\/retraite-monastaire.png\",\"datePublished\":\"2025-06-30T10:37:36+00:00\",\"dateModified\":\"2025-09-02T11:58:14+00:00\",\"breadcrumb\":{\"@id\":\"https:\\\/\\\/yoga-derviche.org\\\/retraites\\\/#breadcrumb\"},\"inLanguage\":\"en-GB\",\"potentialAction\":[{\"@type\":\"ReadAction\",\"target\":[\"https:\\\/\\\/yoga-derviche.org\\\/retraites\\\/\"]}]},{\"@type\":\"ImageObject\",\"inLanguage\":\"en-GB\",\"@id\":\"https:\\\/\\\/yoga-derviche.org\\\/retraites\\\/#primaryimage\",\"url\":\"https:\\\/\\\/yoga-derviche.org\\\/wp-content\\\/uploads\\\/2025\\\/07\\\/retraite-monastaire.png\",\"contentUrl\":\"https:\\\/\\\/yoga-derviche.org\\\/wp-content\\\/uploads\\\/2025\\\/07\\\/retraite-monastaire.png\"},{\"@type\":\"BreadcrumbList\",\"@id\":\"https:\\\/\\\/yoga-derviche.org\\\/retraites\\\/#breadcrumb\",\"itemListElement\":[{\"@type\":\"ListItem\",\"position\":1,\"name\":\"Accueil\",\"item\":\"https:\\\/\\\/yoga-derviche.org\\\/\"},{\"@type\":\"ListItem\",\"position\":2,\"name\":\"Retraites\"}]},{\"@type\":\"WebSite\",\"@id\":\"https:\\\/\\\/yoga-derviche.org\\\/#website\",\"url\":\"https:\\\/\\\/yoga-derviche.org\\\/\",\"name\":\"danse-tournante.fr\",\"description\":\"\",\"publisher\":{\"@id\":\"https:\\\/\\\/yoga-derviche.org\\\/#organization\"},\"potentialAction\":[{\"@type\":\"SearchAction\",\"target\":{\"@type\":\"EntryPoint\",\"urlTemplate\":\"https:\\\/\\\/yoga-derviche.org\\\/?s={search_term_string}\"},\"query-input\":{\"@type\":\"PropertyValueSpecification\",\"valueRequired\":true,\"valueName\":\"search_term_string\"}}],\"inLanguage\":\"en-GB\"},{\"@type\":\"Organization\",\"@id\":\"https:\\\/\\\/yoga-derviche.org\\\/#organization\",\"name\":\"danse-tournante.fr\",\"url\":\"https:\\\/\\\/yoga-derviche.org\\\/\",\"logo\":{\"@type\":\"ImageObject\",\"inLanguage\":\"en-GB\",\"@id\":\"https:\\\/\\\/yoga-derviche.org\\\/#\\\/schema\\\/logo\\\/image\\\/\",\"url\":\"https:\\\/\\\/yoga-derviche.org\\\/wp-content\\\/uploads\\\/2025\\\/04\\\/danse-soufie-logo.webp\",\"contentUrl\":\"https:\\\/\\\/yoga-derviche.org\\\/wp-content\\\/uploads\\\/2025\\\/04\\\/danse-soufie-logo.webp\",\"width\":200,\"height\":106,\"caption\":\"danse-tournante.fr\"},\"image\":{\"@id\":\"https:\\\/\\\/yoga-derviche.org\\\/#\\\/schema\\\/logo\\\/image\\\/\"}}]}<\/script>\n<!-- \/ Yoast SEO plugin. -->","yoast_head_json":{"title":"Retraites - danse-tournante.fr","robots":{"index":"index","follow":"follow","max-snippet":"max-snippet:-1","max-image-preview":"max-image-preview:large","max-video-preview":"max-video-preview:-1"},"canonical":"https:\/\/yoga-derviche.org\/en\/retraites\/","og_locale":"en_GB","og_type":"article","og_title":"Retraites - danse-tournante.fr","og_description":"Home \/ Page Tous les retraites Monast\u00e8re de S\u00e9rgies ( France ) Temple soufi Arles ( France ) Konya ( Turquie ) MAROC Retraite de Danse Soufie au Monast\u00e8re de [&hellip;]","og_url":"https:\/\/yoga-derviche.org\/en\/retraites\/","og_site_name":"danse-tournante.fr","article_modified_time":"2025-09-02T11:58:14+00:00","og_image":[{"width":1080,"height":1080,"url":"https:\/\/yoga-derviche.org\/wp-content\/uploads\/2025\/07\/retraite-monastaire.png","type":"image\/png"}],"twitter_card":"summary_large_image","twitter_misc":{"Estimated reading time":"7 minutes"},"schema":{"@context":"https:\/\/schema.org","@graph":[{"@type":"WebPage","@id":"https:\/\/yoga-derviche.org\/retraites\/","url":"https:\/\/yoga-derviche.org\/retraites\/","name":"Retraites - danse-tournante.fr","isPartOf":{"@id":"https:\/\/yoga-derviche.org\/#website"},"primaryImageOfPage":{"@id":"https:\/\/yoga-derviche.org\/retraites\/#primaryimage"},"image":{"@id":"https:\/\/yoga-derviche.org\/retraites\/#primaryimage"},"thumbnailUrl":"https:\/\/yoga-derviche.org\/wp-content\/uploads\/2025\/07\/retraite-monastaire.png","datePublished":"2025-06-30T10:37:36+00:00","dateModified":"2025-09-02T11:58:14+00:00","breadcrumb":{"@id":"https:\/\/yoga-derviche.org\/retraites\/#breadcrumb"},"inLanguage":"en-GB","potentialAction":[{"@type":"ReadAction","target":["https:\/\/yoga-derviche.org\/retraites\/"]}]},{"@type":"ImageObject","inLanguage":"en-GB","@id":"https:\/\/yoga-derviche.org\/retraites\/#primaryimage","url":"https:\/\/yoga-derviche.org\/wp-content\/uploads\/2025\/07\/retraite-monastaire.png","contentUrl":"https:\/\/yoga-derviche.org\/wp-content\/uploads\/2025\/07\/retraite-monastaire.png"},{"@type":"BreadcrumbList","@id":"https:\/\/yoga-derviche.org\/retraites\/#breadcrumb","itemListElement":[{"@type":"ListItem","position":1,"name":"Accueil","item":"https:\/\/yoga-derviche.org\/"},{"@type":"ListItem","position":2,"name":"Retraites"}]},{"@type":"WebSite","@id":"https:\/\/yoga-derviche.org\/#website","url":"https:\/\/yoga-derviche.org\/","name":"danse-tournante.fr","description":"","publisher":{"@id":"https:\/\/yoga-derviche.org\/#organization"},"potentialAction":[{"@type":"SearchAction","target":{"@type":"EntryPoint","urlTemplate":"https:\/\/yoga-derviche.org\/?s={search_term_string}"},"query-input":{"@type":"PropertyValueSpecification","valueRequired":true,"valueName":"search_term_string"}}],"inLanguage":"en-GB"},{"@type":"Organization","@id":"https:\/\/yoga-derviche.org\/#organization","name":"danse-tournante.fr","url":"https:\/\/yoga-derviche.org\/","logo":{"@type":"ImageObject","inLanguage":"en-GB","@id":"https:\/\/yoga-derviche.org\/#\/schema\/logo\/image\/","url":"https:\/\/yoga-derviche.org\/wp-content\/uploads\/2025\/04\/danse-soufie-logo.webp","contentUrl":"https:\/\/yoga-derviche.org\/wp-content\/uploads\/2025\/04\/danse-soufie-logo.webp","width":200,"height":106,"caption":"danse-tournante.fr"},"image":{"@id":"https:\/\/yoga-derviche.org\/#\/schema\/logo\/image\/"}}]}},"ticketed":false,"_links":{"self":[{"href":"https:\/\/yoga-derviche.org\/en\/wp-json\/wp\/v2\/pages\/1001","targetHints":{"allow":["GET"]}}],"collection":[{"href":"https:\/\/yoga-derviche.org\/en\/wp-json\/wp\/v2\/pages"}],"about":[{"href":"https:\/\/yoga-derviche.org\/en\/wp-json\/wp\/v2\/types\/page"}],"author":[{"embeddable":true,"href":"https:\/\/yoga-derviche.org\/en\/wp-json\/wp\/v2\/users\/1"}],"replies":[{"embeddable":true,"href":"https:\/\/yoga-derviche.org\/en\/wp-json\/wp\/v2\/comments?post=1001"}],"version-history":[{"count":71,"href":"https:\/\/yoga-derviche.org\/en\/wp-json\/wp\/v2\/pages\/1001\/revisions"}],"predecessor-version":[{"id":4648,"href":"https:\/\/yoga-derviche.org\/en\/wp-json\/wp\/v2\/pages\/1001\/revisions\/4648"}],"wp:attachment":[{"href":"https:\/\/yoga-derviche.org\/en\/wp-json\/wp\/v2\/media?parent=1001"}],"curies":[{"name":"wp","href":"https:\/\/api.w.org\/{rel}","templated":true}]}}